{"id":70,"date":"2014-01-25T18:41:22","date_gmt":"2014-01-25T17:41:22","guid":{"rendered":"http:\/\/sleddogfriends.de\/wp\/?page_id=70"},"modified":"2018-07-27T13:06:02","modified_gmt":"2018-07-27T11:06:02","slug":"impressum","status":"publish","type":"page","link":"https:\/\/sleddogfriends.de\/wp\/?page_id=70","title":{"rendered":"Impressum"},"content":{"rendered":"<div id=\"txt_30\">Verantwortlich f\u00fcr den Inhalt: Sled dog Friends Oberndorf e.V.<\/div>\n<div id=\"txt_31\"> 1. Vorsitzender<\/div>\n<div id=\"txt_32\"><\/div>\n<p>Thomas Belzner<\/p>\n<div id=\"txt_33\"> Oberndorf 2<\/div>\n<p>5<\/p>\n<div id=\"txt_34\"> 91608 Geslau<\/div>\n<div id=\"txt_40\">Aus rechtlichen Gr\u00fcnden wei\u00dfen wir auf Folgendes hin:<\/div>\n<div id=\"Link\">Link`s:<\/div>\n<div id=\"txt_42\">Mit dem Urteil vom 12. Mai 1998 &#8211;<wbr> <a href=\"http:\/\/www.onlinerecht.de\/\">http:\/\/www.onlinerecht.de<\/a> &#8211;<wbr> hat das Landgericht Hamburg entschieden, das man durch das Verwenden von Links, die Inhalte der gelinkten Seiten ggf. mit zu verantworten hat. Wir haben keinerlei Einfluss auf die Gestaltung der gelinkten Seiten und distanzieren uns deswegen ausdr\u00fccklich von allen dortigem Inhalten. auch f\u00fcr alle anderen Links, die auf unseren Seiten zu finden sind, giltdas oben genannte. Wir erkl\u00e4ren uns daher ausschliesslich f\u00fcr die Webseiten verantwortlich, aus denen unsere Homepage besteht, deren Gestaltung und Inhalt wir beeinflussen k\u00f6nnen. Sollten Sie gelinkte Seiten auf unserer Homepage entdecken, deren Inhalte Rechtswidrig sind, so melden Sie dies bitte unverz\u00fcglich an den <a href=\"mailto:post@sleddogfriends.de\">Webmaster<\/a> Wir werden diese Link`s sofort l\u00f6schen<\/div>\n<div><\/div>\n<div id=\"txt_51\">Copyright:<\/div>\n<div id=\"txt_52\">Alle Inhalte dieser Webseite (Bilder, Texte, Design, Ideen und sonstige Informationen) sind urheberrechtlich gesch\u00fctzt und d\u00fcrfen ohne vorherige schriftliche Erlaubnis des Vereins oder der Verfasser die uns diese freundlicherweise zur Verf\u00fcgung gestellt haben in keiner Art und Weise reproduziert, ver\u00f6ffentlicht, vervielf\u00e4ltigt oder anderweitig verwendet oder verbreitet werden. Alle Rechte vorbehalten. Die unerlaubte Verwendung von Fotos kann eine Pers\u00f6nlichkeit&#8217;s Verletzung darstellen, welche zivil-<wbr> und strafrechtliche Folgen nach sich ziehen kann. Evtl. auf dieser Webseite genannte Produktnamen oder Markenzeichen sind eingetragene Markenzeichen und Eigentum der entsprechenden Rechteinhaber. Sie unterliegen uneingeschr\u00e4nkt den Bestimmungen des jeweils g\u00fcltigen Kennzeichnung&#8217;s rechts und den Besitzrechten der eingetragenen Eigent\u00fcmer.<\/div>\n<div><\/div>\n<div id=\"txt_61\">Haftungsausschlu\u00df:<\/div>\n<div>Wir pr\u00fcfen und aktualisiere die Informationen auf unserer Webseiten regelm\u00e4ssig. Gleichwohl k\u00f6nnen sich von uns nicht bemerkte Ver\u00e4nderungen ergeben. Wir \u00fcbernehmen deshalb keine Haftung oder Garantie f\u00fcr die Aktualit\u00e4t, Richtigkeit und Vollst\u00e4ndigkeit der von uns zur Verf\u00fcgung gestellten Informationen. Gleiches gilt auch f\u00fcr alle anderen Webseiten, auf die wir mittels Hyperlink verweisen. Wir sind f\u00fcr den Inhalt solcher Seiten, die auf Grund einer von uns gesetzten Verbindung erreicht werden k\u00f6nnen, nicht verantwortlich. Wir behalten mir ausserdem das Recht vor, die bereitgestellten Informationen zu \u00e4ndern oder zu erg\u00e4nzen.<\/div>\n<div><\/div>\n<div id=\"txt_66\">Sonstiges \/ Rechtliches:<\/div>\n<div id=\"txt_67\">Sollte der Inhalt oder die Aufmachung dieser Seiten fremde Rechte Dritter oder gesetzliche Bestimmungenverletzen, so bitten wir um eine entsprechende Nachricht ohne Kostennote. Die Nachricht senden Sie bitte an post[at]sleddogfriends.de Die Beseitigung einer m\u00f6glicherweise von diesen Seiten ausgehenden Schutzrecht-<wbr>Verletzung durch Schutzrecht-<wbr>Inhaber\/Innen selbst darf nicht ohne unsere Zustimmung stattfinden. Wir garantieren, dass die zu Recht beanstandeten Passagen unverz\u00fcglich entfernt werden, ohne dass von Ihrer Seite die Einschaltung eines Rechtsbeistandes erforderlich ist. Wird dennoch von Ihnen ohne vorherige Kontaktaufnahme ein Rechtsbeistand eingeschaltet, werden wir die ausgel\u00f6sten Kosten voll umf\u00e4nglich zur\u00fcckweisen und gegebenenfalls Gegenklage wegen Verletzung vorgenannter Bestimmungen einreichen. Sofern innerhalb unserer Webseite die M\u00f6glichkeit zur Eingabe pers\u00f6nlicher oder gesch\u00e4ftlicher Daten (E-<wbr>Mail-<wbr>Adresse, Name, Adresse usw.) besteht, so erfolgt die Angabe dieser Daten seitens des Nutzers ausdr\u00fccklich auf freiwilliger Basis. Das Design und die Grafiken dieser Seite soweit selbst erstellt d\u00fcrfen nicht ohne Schriftliche Zustimmung des erstellers Ge\u00e4ndert \/ reproduziert \/ dupliziert oder gel\u00f6scht werden. Eine Zuwiederhandlung kann Strafrechtliche folgen nachsich ziehen.<\/div>\n","protected":false},"excerpt":{"rendered":"<p>Verantwortlich f\u00fcr den Inhalt: Sled dog Friends Oberndorf e.V. 1. Vorsitzender Thomas Belzner Oberndorf 2 5 91608 Geslau Aus rechtlichen Gr\u00fcnden wei\u00dfen wir auf Folgendes hin: Link`s: Mit dem Urteil vom 12. Mai 1998 &#8211; http:\/\/www.onlinerecht.de &#8211; hat das Landgericht Hamburg entschieden, das man durch das Verwenden von Links, die \u2026<\/p>\n<p> <a class=\"continue-reading-link\" href=\"https:\/\/sleddogfriends.de\/wp\/?page_id=70\">Weiterlesen<i class=\"icon-right-dir\"><\/i><\/a><\/p>\n","protected":false},"author":1,"featured_media":0,"parent":0,"menu_order":0,"comment_status":"closed","ping_status":"closed","template":"","meta":{"spay_email":"","_expiration-date-status":"saved","_expiration-date":0,"_expiration-date-type":"","_expiration-date-categories":[],"_expiration-date-options":[]},"jetpack_sharing_enabled":true,"jetpack_shortlink":"https:\/\/wp.me\/P4hMLm-18","_links":{"self":[{"href":"https:\/\/sleddogfriends.de\/wp\/index.php?rest_route=\/wp\/v2\/pages\/70"}],"collection":[{"href":"https:\/\/sleddogfriends.de\/wp\/index.php?rest_route=\/wp\/v2\/pages"}],"about":[{"href":"https:\/\/sleddogfriends.de\/wp\/index.php?rest_route=\/wp\/v2\/types\/page"}],"author":[{"embeddable":true,"href":"https:\/\/sleddogfriends.de\/wp\/index.php?rest_route=\/wp\/v2\/users\/1"}],"replies":[{"embeddable":true,"href":"https:\/\/sleddogfriends.de\/wp\/index.php?rest_route=%2Fwp%2Fv2%2Fcomments&post=70"}],"version-history":[{"count":5,"href":"https:\/\/sleddogfriends.de\/wp\/index.php?rest_route=\/wp\/v2\/pages\/70\/revisions"}],"predecessor-version":[{"id":34384,"href":"https:\/\/sleddogfriends.de\/wp\/index.php?rest_route=\/wp\/v2\/pages\/70\/revisions\/34384"}],"wp:attachment":[{"href":"https:\/\/sleddogfriends.de\/wp\/index.php?rest_route=%2Fwp%2Fv2%2Fmedia&parent=70"}],"curies":[{"name":"wp","href":"https:\/\/api.w.org\/{rel}","templated":true}]}}