{"id":34651,"date":"2018-11-09T19:52:50","date_gmt":"2018-11-09T18:52:50","guid":{"rendered":"http:\/\/sleddogfriends.de\/wp\/?page_id=34651"},"modified":"2018-11-09T19:53:38","modified_gmt":"2018-11-09T18:53:38","slug":"2018-videos","status":"publish","type":"page","link":"https:\/\/sleddogfriends.de\/wp\/?page_id=34651","title":{"rendered":"2018 Videos"},"content":{"rendered":"<p>Hier findet Ihr einige Videos, die uns bereitgestellt wurden. Vielen Dank daf\u00fcr an alle die sich die M\u00fche gemacht haben. Solltet Ihr auch ein Video f\u00fcr uns haben meldet euch unter info@sleddogfriends.de<\/p>\n<p><iframe  id=\"_ytid_92646\"  width=\"900\" height=\"506\"  data-origwidth=\"900\" data-origheight=\"506\" src=\"https:\/\/www.youtube.com\/embed\/Z8g6aPGWuEo?enablejsapi=1&#038;autoplay=0&#038;cc_load_policy=0&#038;cc_lang_pref=&#038;iv_load_policy=1&#038;loop=0&#038;modestbranding=0&#038;rel=1&#038;fs=1&#038;playsinline=0&#038;autohide=2&#038;theme=dark&#038;color=red&#038;controls=1&#038;\" class=\"__youtube_prefs__  epyt-is-override  no-lazyload\" title=\"YouTube player\"  allow=\"accelerometer; autoplay; clipboard-write; encrypted-media; gyroscope; picture-in-picture\" allowfullscreen data-no-lazy=\"1\" data-skipgform_ajax_framebjll=\"\"><\/iframe><\/p>\n<p><iframe  id=\"_ytid_83083\"  width=\"900\" height=\"675\"  data-origwidth=\"900\" data-origheight=\"675\" src=\"https:\/\/www.youtube.com\/embed\/HGSn-kYSs1I?enablejsapi=1&#038;autoplay=0&#038;cc_load_policy=0&#038;cc_lang_pref=&#038;iv_load_policy=1&#038;loop=0&#038;modestbranding=0&#038;rel=1&#038;fs=1&#038;playsinline=0&#038;autohide=2&#038;theme=dark&#038;color=red&#038;controls=1&#038;\" class=\"__youtube_prefs__  epyt-is-override  no-lazyload\" title=\"YouTube player\"  allow=\"accelerometer; autoplay; clipboard-write; encrypted-media; gyroscope; picture-in-picture\" allowfullscreen data-no-lazy=\"1\" data-skipgform_ajax_framebjll=\"\"><\/iframe><\/p>\n<p><iframe  id=\"_ytid_95059\"  width=\"900\" height=\"506\"  data-origwidth=\"900\" data-origheight=\"506\" src=\"https:\/\/www.youtube.com\/embed\/Ii9hO9nbg74?enablejsapi=1&#038;autoplay=0&#038;cc_load_policy=0&#038;cc_lang_pref=&#038;iv_load_policy=1&#038;loop=0&#038;modestbranding=0&#038;rel=1&#038;fs=1&#038;playsinline=0&#038;autohide=2&#038;theme=dark&#038;color=red&#038;controls=1&#038;\" class=\"__youtube_prefs__  epyt-is-override  no-lazyload\" title=\"YouTube player\"  allow=\"accelerometer; autoplay; clipboard-write; encrypted-media; gyroscope; picture-in-picture\" allowfullscreen data-no-lazy=\"1\" data-skipgform_ajax_framebjll=\"\"><\/iframe><\/p>\n<p><iframe  id=\"_ytid_39230\"  width=\"900\" height=\"675\"  data-origwidth=\"900\" data-origheight=\"675\" src=\"https:\/\/www.youtube.com\/embed\/SZjGw5A5EnY?enablejsapi=1&#038;autoplay=0&#038;cc_load_policy=0&#038;cc_lang_pref=&#038;iv_load_policy=1&#038;loop=0&#038;modestbranding=0&#038;rel=1&#038;fs=1&#038;playsinline=0&#038;autohide=2&#038;theme=dark&#038;color=red&#038;controls=1&#038;\" class=\"__youtube_prefs__  epyt-is-override  no-lazyload\" title=\"YouTube player\"  allow=\"accelerometer; autoplay; clipboard-write; encrypted-media; gyroscope; picture-in-picture\" allowfullscreen data-no-lazy=\"1\" data-skipgform_ajax_framebjll=\"\"><\/iframe><\/p>\n<p>&nbsp;<\/p>\n","protected":false},"excerpt":{"rendered":"<p>Hier findet Ihr einige Videos, die uns bereitgestellt wurden. Vielen Dank daf\u00fcr an alle die sich die M\u00fche gemacht haben. Solltet Ihr auch ein Video f\u00fcr uns haben meldet euch unter info@sleddogfriends.de &nbsp;<\/p>\n","protected":false},"author":1,"featured_media":0,"parent":0,"menu_order":0,"comment_status":"closed","ping_status":"closed","template":"","meta":{"spay_email":"","_expiration-date-status":"saved","_expiration-date":0,"_expiration-date-type":"","_expiration-date-categories":[],"_expiration-date-options":[]},"jetpack_sharing_enabled":true,"jetpack_shortlink":"https:\/\/wp.me\/P4hMLm-90T","_links":{"self":[{"href":"https:\/\/sleddogfriends.de\/wp\/index.php?rest_route=\/wp\/v2\/pages\/34651"}],"collection":[{"href":"https:\/\/sleddogfriends.de\/wp\/index.php?rest_route=\/wp\/v2\/pages"}],"about":[{"href":"https:\/\/sleddogfriends.de\/wp\/index.php?rest_route=\/wp\/v2\/types\/page"}],"author":[{"embeddable":true,"href":"https:\/\/sleddogfriends.de\/wp\/index.php?rest_route=\/wp\/v2\/users\/1"}],"replies":[{"embeddable":true,"href":"https:\/\/sleddogfriends.de\/wp\/index.php?rest_route=%2Fwp%2Fv2%2Fcomments&post=34651"}],"version-history":[{"count":1,"href":"https:\/\/sleddogfriends.de\/wp\/index.php?rest_route=\/wp\/v2\/pages\/34651\/revisions"}],"predecessor-version":[{"id":34717,"href":"https:\/\/sleddogfriends.de\/wp\/index.php?rest_route=\/wp\/v2\/pages\/34651\/revisions\/34717"}],"wp:attachment":[{"href":"https:\/\/sleddogfriends.de\/wp\/index.php?rest_route=%2Fwp%2Fv2%2Fmedia&parent=34651"}],"curies":[{"name":"wp","href":"https:\/\/api.w.org\/{rel}","templated":true}]}}