{"id":34392,"date":"2018-08-18T12:39:27","date_gmt":"2018-08-18T10:39:27","guid":{"rendered":"http:\/\/sleddogfriends.de\/wp\/?page_id=34392"},"modified":"2023-10-23T19:02:38","modified_gmt":"2023-10-23T17:02:38","slug":"rennregeln-der-sled-dog-friends-oberndorf-e-v","status":"publish","type":"page","link":"https:\/\/sleddogfriends.de\/wp\/?page_id=34392","title":{"rendered":"Rennregeln der Sled dog Friends Oberndorf e.V."},"content":{"rendered":"<p><strong>\u00a71 Anmeldung:<\/strong><br \/>\n&#8211; Anmeldungen m\u00fcssen vor Beginn des Rennens erfolgen. Spezifische Fristen sind vom Rennleiter im Voraus festzulegen.<br \/>\n&#8211; Ummeldungen k\u00f6nnen Vorort gepr\u00fcft werden, es besteht kein Anrecht auf Ummeldung.<br \/>\n&#8211; Der Rennleiter kann, mit triftigen Grund, Teilnehmer ablehnen.<br \/>\n&#8211; Der Rennleiter kann, aus triftigem Grund, jeden Hund ablehnen<br \/>\n&#8211; Eine Haftpflichtversicherung die die Risiken und Konsequenzen des Schlittenhundesportes umfasst, ist zwingend erforderlich. Ohne diese Versicherung ist die Anmeldung als nicht gemeldet zu werten<br \/>\n&#8211; Beitr\u00e4ge m\u00fcssen vor dem Start entrichtet werden.<\/p>\n<p><strong>$2 Haftung:<\/strong><br \/>\n&#8211; Jegliche Haftung der Organisatoren, des Rennleiters, Sponsoren und aller anderen Beitragsleistenden ist bei Eigenverschulden des Teilnehmers\/ dessen Dog Handlers ausgeschlossen Die Teilnehmer halten die Organisation, den Rennleiter und Sponsoren schad-und klaglos, bez\u00fcglich Anspr\u00fcche entstehend aus K\u00f6rperverletzung, Verletzung der Hunde oder Sachbesch\u00e4digung, einschlie\u00dflich abgegebener und evtl. verlorener Hunde oder verloren gegangener Lebensmittel und\/ oder Vorr\u00e4te und \u00e4hnlichem.<br \/>\n&#8211; die Organisation uneingeschr\u00e4nkte Rechte an Fotos und Informationssammlungen bez\u00fcglich des Event und der Teilnehmern. Diese Daten und das Bildmaterial d\u00fcrfen von den Organisatoren f\u00fcr Werbezwecke, \u00d6ffentlichkeitsarbeit und Reklame uneingeschr\u00e4nkt genutzt werden.<\/p>\n<p><strong>\u00a73 Fahrer:<\/strong><br \/>\n&#8211; Ein Fahrer, der in einem Lauf disqualifiziert wurde, darf nicht mehr an diesem Rennen starten.<br \/>\n&#8211; Neue Fahrer m\u00fcssen an der Musherbesprechung am Freitagabend teilnehmen. Der Rennleiter kann diese Regel aussetzen, wenn ein Teilnehmer aus wichtigen oder unvorhergesehenen Umst\u00e4nden verhindert ist. In jedem Fall ist der Fahrer verpflichtet, sich vor Beginn des Rennens von einem Offiziellen umfassend informieren zu lassen.<\/p>\n<p><strong>\u00a74 Hunde:<\/strong><br \/>\n&#8211; Jedes Team oder jeder Hund, das\/ der an der Startlinie in den Augen des Rennleiters nicht f\u00e4hig erscheint, das Rennen sicher zu absolvieren, muss disqualifiziert werden.<br \/>\n&#8211; Das Mindestalter der Hunde betr\u00e4gt 12 Monate.<br \/>\n&#8211; Jeder Hund der in einer Klasse eines Rennens gestartet ist darf in keiner 2ten Klasse starten.<\/p>\n<p><strong>\u00a75 Krankheiten:<\/strong><br \/>\n&#8211; Kein Hund und kein Equipment darf aus einem Zwinger mitgebracht werden, in dem es Tollwut, Staupe, Hepatitis, Leptospirose oder eine andere, ansteckende Krankheit gibt.<br \/>\n&#8211; Sollte der Tierarzt bei einem anwesenden Hund eine ansteckende Krankheit diagnostizieren, muss das Team disqualifiziert werden und das Gel\u00e4nde sofort verlassen.<br \/>\n&#8211; Der Rennleiter und der verantwortliche Tierarzt k\u00f6nnen jeden Hund mit medizinischer oder anderer Begr\u00fcndung als unf\u00e4hig erkl\u00e4ren, am Rennen teilzunehmen oder es fortzusetzen. Falls der Tierarzt bei einem Hund eine ansteckende Krankheit diagnostiziert, sind der Hund und der Teilnehmer zu disqualifizieren und das ganze Team muss sofort das Wettbewerbsgel\u00e4nde verlassen.<br \/>\n&#8211; Alle anwesenden Hunde sollen gem\u00e4\u00df der Empfehlungen des Tierschutzes geimpft sein. Empfohlene Impfungen: Tollwut, Parvovirose, Staupe, Zwingerhusten (bordetella parainfluenza virus, caniner Adenovirus 2). Alle Hunde m\u00fcssen innerhalb der letzten 12 Monate vor dem Start des Rennens bereits ihre Impfungen bekommen haben. Die Haupt- Impfungen m\u00fcssen mindestens 21 Tage vor dem Start des Rennens geschehen<\/p>\n<p><strong>\u00a76 Ausr\u00fcstung:<\/strong><br \/>\n&#8211; Maulk\u00f6rbe und W\u00fcrge- oder Elektroschock-Halsb\u00e4nder sind verboten.<br \/>\n&#8211; Peitschen sind verboten.<br \/>\n&#8211; Jedem Fahrer muss von den Organisatoren eine Startnummer zur Verf\u00fcgung gestellt werden. Der Fahrer muss seine Startnummer w\u00e4hrend des ganzen Rennens gut sichtbar am K\u00f6rper tragen oder dort, wo es von der Rennleitung verlangt wird.<br \/>\n&#8211; In den Fahrrad, Scooter und Wagenklassen herrscht <strong>Helmpflicht.<\/strong><\/p>\n<p><strong>\u00a77 Start-Zielregeln:<\/strong><br \/>\n&#8211; Der Veranstalter erstellt vor dem Start eine Startliste in der die Startreihenfolge festgelegt wird. Sollte aus triftigen Grund etwas gegen diese Reihenfolge sprechen, so ist dies schnellstm\u00f6glich nach Bekanntwerden der Startliste der Organisation mitgeteilt werden.<br \/>\n&#8211; Die Startreihenfolge am zweiten Tag wird bestimmt durch die Zeiten am ersten Tag, wobei das schnellste Team als erstes startet, das zweitschnellste als Zweites usw. Sollten Teilnehmer mehrfach starten, so kann hiervon abgewichen werden um den Musher die Teilnahme zu erm\u00f6glichen.<\/p>\n<p><strong>\u00a77.1 Zeitmessung:<\/strong><br \/>\n&#8211; Die Zeitmessung wird manuell im Sekundentakt erstellt, die Zeitmessung erfolgt mit der Funkuhr.<\/p>\n<p><strong>\u00a77.2 Startpunkt:<\/strong><br \/>\n&#8211; Das vordere Rad bestimmt den Startpunkt und darf die Startlinie nicht \u00fcberqueren, bevor das Startsignal gegeben ist.<br \/>\n&#8211; Vor dem Start muss das startende Team an der Startlinie (gem. \u00a7 15.1) vollst\u00e4ndig zum Stehen kommen, au\u00dfer der Rennleiter fordert das Team zum fliegenden Start auf.<br \/>\n&#8211; Die Zeitmessung beginnt f\u00fcr alle Teams zur vorgegebenen Startzeit.<br \/>\n&#8211; Ein Gespann, welches zur festgesetzten Startzeit oder innerhalb eines halben Startintervalls nach der vorgesehenen Startzeit nicht in der Startposition ist, wird zum versp\u00e4teten Gespann erkl\u00e4rt, die Zeitnahme l\u00e4uft ab der festgesetzten Startzeit.<br \/>\n&#8211; Ein versp\u00e4tetes Gespann darf erst starten, wenn das letzte Gespann in dieser Klasse gestartet ist.<br \/>\n&#8211; Ein Gespann, das sich dann auch zum sp\u00e4teren Startzeitpunkt versp\u00e4tet, wird f\u00fcr diesen Lauf nicht gewertet.<br \/>\n&#8211; Bei einem Fr\u00fchstart, bei dem weder Fahrer noch seine\/ihre Helfer Schuld haben noch dies mit Absicht oder gewollter Missachtung der Regeln geschehen ist, soll die Startzeit des Teams entsprechend angepasst werden.<br \/>\n&#8211; Wenn von der Rennleitung nicht anders vorgegeben, ist Hilfestellung im Startbereich erlaubt.<\/p>\n<p><strong>\u00a77.3 Ziel:<\/strong><br \/>\n&#8211; Ein Team hat das Ziel erreicht, wenn der Vorderreifen die Ziellinie \u00fcberquert.<br \/>\n&#8211; Wenn ein verloren gegangenes Team die Ziellinie vor seinem Fahrer \u00fcberquert, z\u00e4hlt der Zeitpunkt, zu dem der Fahrer die Linie \u00fcberquert als Einlaufzeit-<br \/>\n&#8211; Das Team mit der schnellsten Zeit in seiner Klasse muss der Gewinner dieser Klasse sein.<\/p>\n<p><strong>\u00a78 Streckenregeln:<\/strong><br \/>\n&#8211; Gespann und Musher m\u00fcssen die gesamte, vom Veranstalter festgelegte Strecke befahren.<br \/>\n&#8211; Verl\u00e4sst ein Gespann die festgelegte Strecke, so muss der Musher sein Gespann an die Stelle zur\u00fcckf\u00fchren, wo es die Strecke verlassen hat.<br \/>\n&#8211; Alle Gespanne d\u00fcrfen, an vom Rennleiter bestimmten Stellen der Strecke, von offiziellen Helfern die gleiche Hilfe erhalten, au\u00dfer wenn es sich um ein f\u00fchrerloses oder unkontrolliertes Gespann handelt, welches eine deutliche und gegenw\u00e4rtige Gefahr f\u00fcr sich selbst, andere Gespanne oder Personen darstellt, dann d\u00fcrfen Offiziellen und Zuschauer eingreifen, um das Team in Sicherheit zu bringen. In allen anderen F\u00e4llen d\u00fcrfen Helfer nur auf Verlangen und Anweisung des Mushers helfen. Die Hilfe begrenzt sich auf das Halten des Schlittens\/Wagens und das Sichern der Hunde. Der Musher soll das Team stoppen und klare Anweisungen an den Helfer geben und sich gegen\u00fcber den Offiziellen respektvoll benehmen.<br \/>\n&#8211; Entsprechend den Weisungen des Rennleiters d\u00fcrfen sich Musher desselben Laufes gegenseitig helfen.<\/p>\n<p><strong>\u00a78.1 F\u00fchrerlose Gespanne und Hunde:<\/strong><br \/>\n&#8211; Alle Musher m\u00fcssen davon ausgehen, dass ein freies Gespann oder freie Hunde gef\u00e4hrdet sind.<br \/>\n&#8211; Ein f\u00fchrerloses Gespann bzw. ein f\u00fchrerloser Hund darf ein anderes Gespann nicht verz\u00f6gern oder behindern.<\/p>\n<p><strong>\u00a78.2 \u00dcberholen:<\/strong><br \/>\n&#8211; Wenn ein Musher beabsichtigt, ein Gespann zu \u00fcberholen, kann er Vorfahrt verlangen, wenn sein Leithund weniger als 15 Meter vom Wagen des zu \u00fcberholenden Gespanns entfernt ist.<br \/>\n&#8211; Das Team, das \u00fcberholt werden soll, muss den Weg f\u00fcr das \u00fcberholende Team freimachen, verlangsamen und, wenn der \u00fcberholende Fahrer es verlangt, anhalten<br \/>\n&#8211; Wenn es beim \u00fcberholende Team durch den \u00dcberholvorgang zu einer Verwicklung kommt, kann der \u00fcberholende Fahrer verlangen, dass der \u00dcberholte 1 Minute warten, damit die Verwicklung gel\u00f6st werden kann. Dies gilt bei Klassen mit 8 und mehr Hunden. Bei allen anderen Klassen kann verlangt werden, 30 Sekunden zu warten. Diese Regel gilt nicht f\u00fcr Cross, Fahrrad und Scooter Klassen.<br \/>\n&#8211; Solange der \u00dcberholende seine Hunde zum Laufen anh\u00e4lt, darf ein \u00fcberholtes Gespann das \u00fcberholende erst wieder \u00fcberholen, wenn beide Musher einverstanden sind.<br \/>\n&#8211; Nach abgeschlossenem \u00dcberholvorgang braucht das \u00fcberholte Team nicht zu warten wenn:<br \/>\n&#8211;\u00a0der andere Fahrer seine Ausr\u00fcstung reparieren muss<br \/>\n&#8211;\u00a0der andere Fahrer anh\u00e4lt, um die Position von Hunden zu tauschen, oder einen Hund in den Schlittensack zu laden<br \/>\n&#8211;\u00a0der andere Fahrer den Trail verl\u00e4sst<br \/>\n&#8211; In Cross, Fahrrad und Scooter Klassen muss nur angehalten werden, wenn sich durch das \u00dcberholen ein Unfall ereignete oder zum Schutz der Hunde.<br \/>\n&#8211; Wenn ein Fahrer auf zwei oder mehr stehende Teams auff\u00e4hrt, kann er alle stehenden Teams \u00fcberholen, wenn er sich vergewissert, dass dies nicht mit einer Gefahr f\u00fcr die stehenden Teams verbunden ist. Die stehenden Teams m\u00fcssen dabei behilflich sein, den Weg freizumachen.<br \/>\n&#8211; Einander folgende Gespanne m\u00fcssen einen Abstand von mindestens einer Teaml\u00e4nge einhalten, ausgenommen beim \u00dcberholen oder im Zielbereich.<br \/>\n&#8211; Wenn ein Team im Zielbereich \u00fcberholt wird, muss es nicht anhalten oder den Trail freigeben<\/p>\n<p><strong>\u00a78.3 Temperaturen:<\/strong><br \/>\n&#8211; Am Startbereich ist ein Thermometer aufzustellen.<br \/>\n&#8211; Das Rennen findet bis zu einer Temperatur von +15\u00b0C statt.<br \/>\n&#8211; Ab einer Temperatur von +15\u00b0C wird eine Musherbesprechung einberufen in der das weitere Vorgehen besprochen wird.<br \/>\n&#8211; Jeder Musher ist f\u00fcr das Tier wohl selbst verantwortlich da er sein Team am besten kennt. Er muss selbst entscheiden ob er an diesem Lauf startet.<\/p>\n<p><strong>\u00a79 Verantwortlichkeit und Sportlichkeit:<\/strong><br \/>\n&#8211; Die Musher sind verantwortlich f\u00fcr ihr eigenes Betragen sowie f\u00fcr das Verhalten ihrer Hunde und der benannten Helfer auf dem Rennplatz und auf der Strecke.<br \/>\n&#8211; Gesunder Menschenverstand und Sportlichkeit m\u00fcssen vorherrschen. Das Betragen von Musher, Helfer oder Gespann auf Rennplatz und Strecke, das nach Ansicht des Rennleiters dem Ansehen des Sports oder des Rennens schadet, f\u00fchrt zur Disqualifikation des betreffenden Gespanns.<br \/>\n&#8211; Grunds\u00e4tzlich sind frei laufende Hunde im Rennbereich nicht erlaubt. Allerdings hat der Rennleiter das Recht, auf diese Regel zu verzichten, wenn er \u00fcberzeugt ist, dass es im Interesse des Teams ist und dass der Musher die volle Kontrolle \u00fcber die Hunde hat. Letzteres bedeutet, dass die Hunde keine anderen Hunde, nichts im ganzen Stake-Out Bereich, keine Ausr\u00fcstungen und keine anderen Musher st\u00f6ren.<\/p>\n<p><strong>\u00a710 Tierschutz:<\/strong><br \/>\n&#8211; Die Misshandlung von Hunden mit oder ohne Hilfsmittel ist verboten. Wenn nach Meinung des Rennleiters ein Musher einen Hund misshandelt, muss dieser Musher disqualifiziert werden.<br \/>\n&#8211; Alle Fahrer m\u00fcssen den Schutz f\u00fcr ihre Hunde garantieren und sind daf\u00fcr verantwortlich.<br \/>\n&#8211; Verst\u00f6\u00dfe gegen die Regeln sollen unmittelbar korrigiert werden. Veranstalter und Rennleiter sollen nicht z\u00f6gern, schwere Straftaten an Strafverfolgungsbeh\u00f6rden zu melden.<br \/>\n&#8211; Alle Hundetransportmittel (Hundeboxen) m\u00fcssen gegen Wetterbedingungen (Temperatur, Wind, Regen usw.) sowie vor Auspuffgasen sch\u00fctzen.<br \/>\n&#8211; In dem Fall, dass ein oder zwei Hunde ohne Hundebox transportiert werden m\u00fcssen, muss darauf geachtet werden, dass die Hunde nicht im Auto frei sind und\/oder dass sie nicht am Halsband befestigt sind. Hundeboxen sind zu bevorzugen.<br \/>\n&#8211; Es muss f\u00fcr Frischluftversorgung und ausreichend Luftzirkulation gesorgt werden.<\/p>\n<p><strong>\u00a711 Regelverst\u00f6\u00dfe:<\/strong><br \/>\n<strong>\u00a711.1 Meldung von Helfern des Rennleiters:<\/strong><br \/>\n&#8211; Helfer der Rennleitung m\u00fcssen offensichtliche Regelverst\u00f6\u00dfe sofort oder unmittelbar nach Abschluss des entsprechenden Laufes dem Rennleiter melden. M\u00fcndlichen Meldungen haben innerhalb einer (1) Stunde nach Beendigung des entsprechenden Laufes der jeweiligen Kategorie schriftliche Berichte an den Rennleiter zu folgen.<br \/>\n&#8211; Der Rennleiter ist verpflichtet, \u00fcber alle ihm von Offiziellen gemeldeten Verst\u00f6\u00dfe eine Entscheidung zu f\u00e4llen. Diese Entscheidung und m\u00f6glicher Folgen ist den Helfern, die den Regelversto\u00df gemeldet haben, mitzuteilen.<\/p>\n<p><strong>\u00a711.2 Meldungen von Teilnehmern:<\/strong><br \/>\n&#8211; Musher, die angebliche Verst\u00f6\u00dfe anderer Musher anzeigen m\u00f6chten, m\u00fcssen diese unmittelbar nach Abschluss des entsprechenden Laufes der jeweiligen Kategorie dem Rennleiter melden.<br \/>\n&#8211; Allen m\u00fcndlichen Meldungen haben innerhalb einer (1) Stunde nach Beendigung des entsprechenden Laufes des jeweiligen Sportlers schriftliche Berichte an den Rennleiter zu folgen.<\/p>\n<p><strong>\u00a711.3 Protest und Anh\u00f6rungen:<\/strong><br \/>\n&#8211; Musher, die in einen Bericht \u00fcber einen angeblichen Regelversto\u00df verwickelt sind, m\u00fcssen \u00fcber den Protest durch den Rennleiter informiert werden. Allen Beteiligten muss der Zugang zum Protestes vor jeglicher Anh\u00f6rung gew\u00e4hrt werden<br \/>\n&#8211; Genannte Anh\u00f6rungen m\u00fcssen vom Rennleiter geleitet werden.<br \/>\n&#8211; Jeder Versto\u00df gegen die Rennregeln muss vom Rennleiter entweder mit einem m\u00fcndlichen Verweis, einer Verwarnung, ein 15 Sekunden Zeitstrafe oder mit der Disqualifikation des Mushers und des Gespanns f\u00fcr dieses Rennen bestraft werden.<br \/>\n&#8211; Entscheidungen m\u00fcssen so schnell wie m\u00f6glich, sp\u00e4testens aber vier Stunden vor dem nachfolgenden Lauf, bekannt gegeben werden.<br \/>\n&#8211; Disziplinarma\u00dfnahmen nach dem letzten Lauf des Rennens m\u00fcssen noch vor dem Beginn der Preisverleihung erfolgen.<br \/>\n&#8211; Die Entscheidungen des Rennleiters sind nicht anfechtbar.<\/p>\n<p><strong>\u00a712 Stake-out:<\/strong><br \/>\n&#8211; Stake out Ketten\/ Leinen, Abgabe-Ketten\/ Leinen oder andere Befestigungsausr\u00fcstung sollen f\u00fcr den Hund bequem sein. Der Hund soll sich hinlegen und auch etwas bewegen k\u00f6nnen.<br \/>\n&#8211; Es muss darauf geachtet werden, dass die Kette\/ Leine, womit der Hund befestigt ist, nie zu lang ist, um das Verheddern mit anderen Hunden oder Erstickungsgefahren zu vermeiden.<br \/>\n&#8211; Alle Ausr\u00fcstung muss in gutem Zustand sein, um Verletzungsgefahren zu verringern. Leinen- enden m\u00fcssen umh\u00fcllt sein, um die Hunde zu sch\u00fctzen.<br \/>\n&#8211; Angeleinte Hunde sollen immer unter Aufsicht sein.<br \/>\n&#8211; Fahrer\/ Dog-handler sollen das Stake-out Gel\u00e4nde und die Parkplatzbereiche sauber halten und kein Futter\/Nahrungsmittel hinterlassen. Hundekot muss in bestimmten M\u00fclls\u00e4cken entsorgt werden. Entsprechende M\u00fclls\u00e4cke sind bei der Startnummernausgabe enthalten. Restm\u00fcll ist selbst zu entsorgen<br \/>\n&#8211; Im M\u00fcllsack mit dem Hundekot darf sich kein Restm\u00fcll befinden.<\/p>\n","protected":false},"excerpt":{"rendered":"<p>\u00a71 Anmeldung: &#8211; Anmeldungen m\u00fcssen vor Beginn des Rennens erfolgen. Spezifische Fristen sind vom Rennleiter im Voraus festzulegen. &#8211; Ummeldungen k\u00f6nnen Vorort gepr\u00fcft werden, es besteht kein Anrecht auf Ummeldung. &#8211; Der Rennleiter kann, mit triftigen Grund, Teilnehmer ablehnen. &#8211; Der Rennleiter kann, aus triftigem Grund, jeden Hund ablehnen &#8211; \u2026<\/p>\n<p> <a class=\"continue-reading-link\" href=\"https:\/\/sleddogfriends.de\/wp\/?page_id=34392\">Weiterlesen<i class=\"icon-right-dir\"><\/i><\/a><\/p>\n","protected":false},"author":2,"featured_media":0,"parent":0,"menu_order":0,"comment_status":"closed","ping_status":"closed","template":"","meta":{"spay_email":"","_expiration-date-status":"","_expiration-date":1698080512,"_expiration-date-type":"draft","_expiration-date-categories":[],"_expiration-date-options":[]},"jetpack_sharing_enabled":true,"jetpack_shortlink":"https:\/\/wp.me\/P4hMLm-8WI","_links":{"self":[{"href":"https:\/\/sleddogfriends.de\/wp\/index.php?rest_route=\/wp\/v2\/pages\/34392"}],"collection":[{"href":"https:\/\/sleddogfriends.de\/wp\/index.php?rest_route=\/wp\/v2\/pages"}],"about":[{"href":"https:\/\/sleddogfriends.de\/wp\/index.php?rest_route=\/wp\/v2\/types\/page"}],"author":[{"embeddable":true,"href":"https:\/\/sleddogfriends.de\/wp\/index.php?rest_route=\/wp\/v2\/users\/2"}],"replies":[{"embeddable":true,"href":"https:\/\/sleddogfriends.de\/wp\/index.php?rest_route=%2Fwp%2Fv2%2Fcomments&post=34392"}],"version-history":[{"count":6,"href":"https:\/\/sleddogfriends.de\/wp\/index.php?rest_route=\/wp\/v2\/pages\/34392\/revisions"}],"predecessor-version":[{"id":35537,"href":"https:\/\/sleddogfriends.de\/wp\/index.php?rest_route=\/wp\/v2\/pages\/34392\/revisions\/35537"}],"wp:attachment":[{"href":"https:\/\/sleddogfriends.de\/wp\/index.php?rest_route=%2Fwp%2Fv2%2Fmedia&parent=34392"}],"curies":[{"name":"wp","href":"https:\/\/api.w.org\/{rel}","templated":true}]}}