{"id":33766,"date":"2017-07-24T22:14:14","date_gmt":"2017-07-24T20:14:14","guid":{"rendered":"http:\/\/sleddogfriends.de\/wp\/?page_id=33766"},"modified":"2025-07-21T15:50:07","modified_gmt":"2025-07-21T13:50:07","slug":"rennausschreibung-2017","status":"publish","type":"page","link":"https:\/\/sleddogfriends.de\/wp\/?page_id=33766","title":{"rendered":"Rennausschreibung 2025"},"content":{"rendered":"<p>28. Int. Schlittenhundewagenrennen off Snow<\/p>\n<p>______________________________________________________________<\/p>\n<table style=\"height: 2678px; width: 100%;\" width=\"100%\">\n<tbody>\n<tr style=\"height: 26px;\">\n<td style=\"height: 26px; width: 24.3939%;\" width=\"161\"><strong>Veranstaltungsort<\/strong><\/td>\n<td style=\"height: 26px; width: 112.404%;\" colspan=\"5\" width=\"451\">Oberndorf, 91608 Geslau, Germany<\/td>\n<\/tr>\n<tr style=\"height: 26px;\">\n<td style=\"height: 26px; width: 24.3939%;\"><strong>Datum<\/strong><\/td>\n<td style=\"height: 26px; width: 112.404%;\" colspan=\"5\">07. \u2013 09.11.2025<\/td>\n<\/tr>\n<tr style=\"height: 26px;\">\n<td style=\"height: 26px; width: 24.3939%;\"><strong>Anreise<\/strong><\/td>\n<td style=\"height: 26px; width: 112.404%;\" colspan=\"5\">ab Mittwoch den 05.11.2025<\/td>\n<\/tr>\n<tr style=\"height: 26px;\">\n<td style=\"height: 26px; width: 24.3939%;\"><strong>Veranstalter<\/strong><\/td>\n<td style=\"height: 26px; width: 112.404%;\" colspan=\"5\">Sled dog Friends Oberndorf e.V.<\/td>\n<\/tr>\n<tr style=\"height: 26px;\">\n<td style=\"height: 26px; width: 24.3939%;\"><strong>Rennen<\/strong><\/td>\n<td style=\"height: 26px; width: 112.404%;\" colspan=\"5\">freies Rennen ohne Verbandszugeh\u00f6rigkeit<\/td>\n<\/tr>\n<tr style=\"height: 48px;\">\n<td style=\"height: 48px; width: 24.3939%;\"><strong>Rennregeln<\/strong><\/td>\n<td style=\"height: 48px; width: 112.404%;\" colspan=\"5\">Gefahren wird nach den \u201ealten\u201c Rennregeln des Schlittenhundesports<\/td>\n<\/tr>\n<tr style=\"height: 26px;\">\n<td style=\"height: 26px; width: 24.3939%;\"><strong>Rennleiter<\/strong><\/td>\n<td style=\"height: 26px; width: 112.404%;\" colspan=\"5\">Thomas Belzner<\/td>\n<\/tr>\n<tr style=\"height: 26px;\">\n<td style=\"height: 26px; width: 24.3939%;\"><strong>Zeitnahme<\/strong><\/td>\n<td style=\"height: 26px; width: 112.404%;\" colspan=\"5\">per Funkuhr<\/td>\n<\/tr>\n<tr style=\"height: 26px;\">\n<td style=\"height: 26px; width: 24.3939%;\"><strong>Startzeit<\/strong><\/td>\n<td style=\"height: 26px; width: 112.404%;\" colspan=\"5\">Samstag 09:00 Uhr; Sonntag 09:00 Uhr<\/td>\n<\/tr>\n<tr style=\"height: 26px;\">\n<td style=\"height: 26px; width: 24.3939%;\"><strong>Streckenl\u00e4nge<\/strong><\/td>\n<td style=\"height: 26px; width: 20.883%;\">Sprint:<\/td>\n<td style=\"height: 26px; width: 34.9092%;\" colspan=\"2\">Wagen, Fahrrad, Scooter<\/td>\n<td style=\"height: 26px; width: 56.6122%;\" colspan=\"2\">7,3 km<\/td>\n<\/tr>\n<tr style=\"height: 26px;\">\n<td style=\"height: 26px; width: 45.2769%;\" colspan=\"2\"><\/td>\n<td style=\"height: 26px; width: 34.9092%;\" colspan=\"2\">L\u00e4ufer, Senior<\/td>\n<td style=\"height: 26px; width: 56.6122%;\" colspan=\"2\">4,1 km<\/td>\n<\/tr>\n<tr style=\"height: 26px;\">\n<td style=\"height: 26px; width: 45.2769%;\" colspan=\"2\"><\/td>\n<td style=\"height: 26px; width: 34.9092%;\" colspan=\"2\">Nachtlauf<\/td>\n<td style=\"height: 26px; width: 56.6122%;\" colspan=\"2\">4,1 km<\/td>\n<\/tr>\n<tr style=\"height: 26px;\">\n<td style=\"height: 26px; width: 24.3939%;\"><\/td>\n<td style=\"height: 26px; width: 20.883%;\">Mitteldistanz<\/td>\n<td style=\"height: 26px; width: 34.9092%;\" colspan=\"2\"><\/td>\n<td style=\"height: 26px; width: 56.6122%;\" colspan=\"2\">13,2 km<\/td>\n<\/tr>\n<tr style=\"height: 70px;\">\n<td style=\"height: 70px; width: 24.3939%;\" width=\"161\"><strong>Streckenprofil<\/strong><\/td>\n<td style=\"height: 70px; width: 112.404%;\" colspan=\"5\" width=\"451\">anspruchsvoller Trail, 10% Wiese, 90% Waldwege, Steigung und Gef\u00e4lle von je 14%, Kinderstrecke 1,5 km, von Start \/ Ziel komplett einsehbar<\/td>\n<\/tr>\n<tr style=\"height: 26px;\">\n<td style=\"height: 26px; width: 24.3939%;\"><strong>Melde-\/Startgeld<\/strong><\/td>\n<td style=\"height: 26px; width: 20.883%;\">Meldegeld<\/td>\n<td style=\"height: 26px; width: 91.5214%;\" colspan=\"4\">20,- \u20ac<\/td>\n<\/tr>\n<tr style=\"height: 92px;\">\n<td style=\"height: 92px; width: 24.3939%;\" width=\"161\"><\/td>\n<td style=\"height: 92px; width: 112.404%;\" colspan=\"5\" width=\"451\">Die Anmeldung ist erst nach Zahlungseingang g\u00fcltig. Das Meldegeld ist umgehend nach\u00a0 der Anmeldung f\u00e4llig. Ab dem 03.11.2025 betr\u00e4gt das Meldegeld 25\u20ac und ist nur Vorort zu entrichten<\/td>\n<\/tr>\n<tr style=\"height: 26px;\">\n<td style=\"height: 26px; width: 24.3939%;\"><\/td>\n<td style=\"height: 26px; width: 20.883%;\">Startgeld<\/td>\n<td style=\"height: 26px; width: 33.511%;\">Einzelstart<\/td>\n<td style=\"height: 26px; width: 58.0104%;\" colspan=\"3\">Doppelstart<\/td>\n<\/tr>\n<tr style=\"height: 26px;\">\n<td style=\"height: 26px; width: 24.3939%;\"><\/td>\n<td style=\"height: 26px; width: 20.883%;\"><\/td>\n<td style=\"height: 26px; width: 33.511%;\">30,- \u20ac<\/td>\n<td style=\"height: 26px; width: 58.0104%;\" colspan=\"3\">35,- \u20ac<\/td>\n<\/tr>\n<tr style=\"height: 48px;\">\n<td style=\"height: 48px; width: 24.3939%;\"><\/td>\n<td style=\"height: 48px; width: 112.404%;\" colspan=\"5\">Das Startgeld ist Vorort zu entrichten<\/td>\n<\/tr>\n<tr style=\"height: 26px;\">\n<td style=\"height: 26px; width: 24.3939%;\"><strong>\u00dcberweisung<\/strong><\/td>\n<td style=\"height: 26px; width: 112.404%;\" colspan=\"5\">Sled dog Friends Oberndorf e.V.<\/td>\n<\/tr>\n<tr style=\"height: 26px;\">\n<td style=\"height: 26px; width: 24.3939%;\"><\/td>\n<td style=\"height: 26px; width: 112.404%;\" colspan=\"5\">IBAN: DE83 7656 0060 0001 9273 70\u00a0 BIC: GENODEF1ANS<\/td>\n<\/tr>\n<tr style=\"height: 48px;\">\n<td style=\"height: 48px; width: 24.3939%;\"><\/td>\n<td style=\"height: 48px; width: 112.404%;\" colspan=\"5\">\u00dcberweisungen m\u00fcssen bis zum 25.10.2025 auf das Konto eingegangen sein<\/td>\n<\/tr>\n<tr style=\"height: 26px;\">\n<td style=\"height: 26px; width: 24.3939%;\"><strong>Nachmeldung<\/strong><\/td>\n<td style=\"height: 26px; width: 20.883%;\">per Mail an<\/td>\n<td style=\"height: 26px; width: 91.5214%;\" colspan=\"4\"><a href=\"mailto:info@sleddogfriends.de\">info@sleddogfriends.de<\/a><\/td>\n<\/tr>\n<tr style=\"height: 26px;\">\n<td style=\"height: 26px; width: 24.3939%;\"><strong>Teilnehmer Limit<\/strong><\/td>\n<td style=\"height: 26px; width: 20.883%;\">Rennen<\/td>\n<td style=\"height: 26px; width: 91.5214%;\" colspan=\"4\">180 Teilnehmer*<\/td>\n<\/tr>\n<tr style=\"height: 26px;\">\n<td style=\"height: 26px; width: 24.3939%;\"><\/td>\n<td style=\"height: 26px; width: 20.883%;\">Nachtlauf<\/td>\n<td style=\"height: 26px; width: 91.5214%;\" colspan=\"4\">80 Teilnehmer*<\/td>\n<\/tr>\n<tr style=\"height: 48px;\">\n<td style=\"height: 48px; width: 24.3939%;\"><strong>Schutzausr\u00fcstung<\/strong><\/td>\n<td style=\"height: 48px; width: 112.404%;\" colspan=\"5\">F\u00fcr Fahrrad, Scooter und Wagen herrscht ausnahmslos Helmpflicht<\/td>\n<\/tr>\n<tr style=\"height: 26px;\">\n<td style=\"height: 26px; width: 24.3939%;\"><strong>Kategorien<\/strong><\/td>\n<td style=\"height: 26px; width: 112.404%;\" colspan=\"5\"><\/td>\n<\/tr>\n<tr style=\"height: 48px;\">\n<td style=\"height: 48px; width: 24.3939%;\"><strong>Cross<\/strong><\/td>\n<td style=\"height: 48px; width: 112.404%;\" colspan=\"5\">Unterteilt in Reinrassig und nichtreinrassig, L\u00e4ufer mit bis zu zwei Hunden<\/td>\n<\/tr>\n<tr style=\"height: 26px;\">\n<td style=\"height: 26px; width: 24.3939%;\"><\/td>\n<td style=\"height: 26px; width: 112.404%;\" colspan=\"5\"><\/td>\n<\/tr>\n<tr style=\"height: 48px;\">\n<td style=\"height: 48px; width: 24.3939%;\"><strong>S1<\/strong><\/td>\n<td style=\"height: 48px; width: 112.404%;\" colspan=\"5\">Unterteilt in Reinrassig und nichtreinrassig, Fahrrad mit bis zu zwei Hunden<\/td>\n<\/tr>\n<tr style=\"height: 48px;\">\n<td style=\"height: 48px; width: 24.3939%;\"><strong>S2<\/strong><\/td>\n<td style=\"height: 48px; width: 112.404%;\" colspan=\"5\">Fahrrad mit bis zu zwei Hunden, Malamut, Samojeden, Gr\u00f6nl\u00e4nder<\/td>\n<\/tr>\n<tr style=\"height: 48px;\">\n<td style=\"height: 48px; width: 24.3939%;\"><strong>Scooter 1<\/strong><\/td>\n<td style=\"height: 48px; width: 112.404%;\" colspan=\"5\">Unterteilt in Reinrassig und nichtreinrassig, Scooter mit bis zu zwei Hunden<\/td>\n<\/tr>\n<tr>\n<td style=\"width: 24.3939%;\"><strong>Scooter 2<\/strong><\/td>\n<td style=\"width: 112.404%;\" colspan=\"5\">Scooter mit bis zu zwei Hunden, Malamut, Samojeden, Gr\u00f6nl\u00e4nder<\/td>\n<\/tr>\n<tr style=\"height: 48px;\">\n<td style=\"height: 48px; width: 24.3939%;\"><strong>C1<\/strong><\/td>\n<td style=\"height: 48px; width: 112.404%;\" colspan=\"5\">Unterteilt in Reinrassig und nichtreinrassig, Wagen mit bis zu vier Hunden<\/td>\n<\/tr>\n<tr style=\"height: 48px;\">\n<td style=\"height: 48px; width: 24.3939%;\"><strong>C2<\/strong><\/td>\n<td style=\"height: 48px; width: 112.404%;\" colspan=\"5\">Wagen mit bis zu vier Hunden, Malamut, Samojeden, Gr\u00f6nl\u00e4nder<\/td>\n<\/tr>\n<tr style=\"height: 48px;\">\n<td style=\"height: 48px; width: 24.3939%;\"><strong>B1<\/strong><\/td>\n<td style=\"height: 48px; width: 112.404%;\" colspan=\"5\">Unterteilt in Reinrassig und nichtreinrassig, Wagen mit bis zu sechs Hunden<\/td>\n<\/tr>\n<tr style=\"height: 48px;\">\n<td style=\"height: 48px; width: 24.3939%;\"><strong>B2<\/strong><\/td>\n<td style=\"height: 48px; width: 112.404%;\" colspan=\"5\">Wagen mit bis zu sechs Hunden, Malamut, Samojeden, Gr\u00f6nl\u00e4nder<\/td>\n<\/tr>\n<tr style=\"height: 48px;\">\n<td style=\"height: 48px; width: 24.3939%;\"><strong>A<\/strong><\/td>\n<td style=\"height: 48px; width: 112.404%;\" colspan=\"5\">Unterteilt in Reinrassig und nichtreinrassig, Wagen mit bis zu acht Hunden<\/td>\n<\/tr>\n<tr style=\"height: 48px;\">\n<td style=\"height: 48px; width: 24.3939%;\"><strong>Offen<\/strong><\/td>\n<td style=\"height: 48px; width: 112.404%;\" colspan=\"5\">Unterteilt in Reinrassig und nichtreinrassig, Wagen mit mehr als acht Hunden<\/td>\n<\/tr>\n<tr style=\"height: 48px;\">\n<td style=\"height: 48px; width: 24.3939%;\"><strong>Senior<\/strong><\/td>\n<td style=\"height: 48px; width: 112.404%;\" colspan=\"5\">L\u00e4ufer, Fahrrad, Wagen, Hunde \u00e4lter \/ gleich 10 Jahre, alle Rassen<\/td>\n<\/tr>\n<tr style=\"height: 26px;\">\n<td style=\"height: 26px; width: 24.3939%;\"><strong>Kinder<\/strong><\/td>\n<td style=\"height: 26px; width: 112.404%;\" colspan=\"5\">Kinder von Mushern bis 12 Jahre, keine Startgeb\u00fchr<\/td>\n<\/tr>\n<tr style=\"height: 26px;\">\n<td style=\"height: 26px; width: 24.3939%;\"><strong>Mitteldistanz<\/strong><\/td>\n<td style=\"height: 26px; width: 57.5648%;\" colspan=\"4\"><\/td>\n<td style=\"height: 26px; width: 54.8396%;\"><\/td>\n<\/tr>\n<tr style=\"height: 48px;\">\n<td style=\"height: 48px; width: 24.3939%;\" width=\"161\"><strong>MD 1<\/strong><\/td>\n<td style=\"height: 48px; width: 112.404%;\" colspan=\"5\" width=\"451\">Unterteilt in reinrassig \/ nicht reinrassig, Wagen, Fahrrad, Soooter mit bis zu 4 Hunden<\/td>\n<\/tr>\n<tr style=\"height: 48px;\">\n<td style=\"height: 48px; width: 24.3939%;\" width=\"161\"><strong>MD 2<\/strong><\/td>\n<td style=\"height: 48px; width: 112.404%;\" colspan=\"5\" width=\"451\">Unterteilt in reinrassig \/ nicht reinrassig, Wagen, Fahrrad, Soooter mit bis zu 6 Hunden<\/td>\n<\/tr>\n<tr style=\"height: 48px;\">\n<td style=\"height: 48px; width: 24.3939%;\" width=\"161\"><strong>MD 3<\/strong><\/td>\n<td style=\"height: 48px; width: 112.404%;\" colspan=\"5\" width=\"451\">Unterteilt in reinrassig \/ nicht reinrassig, Wagen, Fahrrad, Soooter mit bis zu 8 Hunden<\/td>\n<\/tr>\n<tr style=\"height: 48px;\">\n<td style=\"height: 48px; width: 24.3939%;\" width=\"161\"><strong>MD 4<\/strong><\/td>\n<td style=\"height: 48px; width: 112.404%;\" colspan=\"5\" width=\"451\">Unterteilt in reinrassig \/ nicht reinrassig, Wagen, Fahrrad, Soooter mit mehr als 8 Hunden<\/td>\n<\/tr>\n<tr style=\"height: 48px;\">\n<td style=\"height: 48px; width: 24.3939%;\"><strong>Nachtlauf<\/strong><\/td>\n<td style=\"height: 48px; width: 112.404%;\" colspan=\"5\">L\u00e4ufer, Fahrrad, Scooter, Wagen, alle Rassen ohne Wertung, ohne Kosten<\/td>\n<\/tr>\n<tr style=\"height: 48px;\">\n<td style=\"height: 48px; width: 136.798%;\" colspan=\"6\" width=\"612\">Generell gilt: Es d\u00fcrfen an den Fahrzeugen keine Hilfsmotoren (Elektro, Benzin usw.) genutzt werden. Das betrifft nicht die Fahrradpedale<\/td>\n<\/tr>\n<tr style=\"height: 48px;\">\n<td style=\"height: 48px; width: 24.3939%;\" width=\"161\"><strong>Wertungsl\u00e4ufe<\/strong><\/td>\n<td style=\"height: 48px; width: 20.883%;\" width=\"131\">Einzelstart<\/td>\n<td style=\"height: 48px; width: 91.5214%;\" colspan=\"4\" width=\"320\">je <strong>einer<\/strong> am Samstag <strong>und<\/strong> am Sonntag, gleiche Person<\/td>\n<\/tr>\n<tr style=\"height: 48px;\">\n<td style=\"height: 48px; width: 24.3939%;\" width=\"161\"><\/td>\n<td style=\"height: 48px; width: 20.883%;\" width=\"131\">Doppelstart<\/td>\n<td style=\"height: 48px; width: 91.5214%;\" colspan=\"4\" width=\"320\">je <strong>zwei<\/strong> am Samstag <strong>und<\/strong> am Sonntag, gleiche Person<\/td>\n<\/tr>\n<tr style=\"height: 48px;\">\n<td style=\"height: 48px; width: 24.3939%;\"><strong>Ben\u00f6tigte Unterlagen<\/strong><\/td>\n<td style=\"height: 48px; width: 112.404%;\" colspan=\"5\">Impfp\u00e4sse der Hunde, Haftpflicht Versicherungsschein<\/td>\n<\/tr>\n<tr style=\"height: 26px;\">\n<td style=\"height: 26px; width: 24.3939%;\"><strong>Meldeschluss<\/strong><\/td>\n<td style=\"height: 26px; width: 112.404%;\" colspan=\"5\">03.11.2025, danach Nachmeldungen m\u00f6glich<\/td>\n<\/tr>\n<tr style=\"height: 48px;\">\n<td style=\"height: 48px; width: 24.3939%;\"><strong>Renndurchf\u00fchrung<\/strong><\/td>\n<td style=\"height: 48px; width: 112.404%;\" colspan=\"5\">Eine Absage des Rennens seitens des Veranstalters ist bis 30.10.2025 m\u00f6glich<\/td>\n<\/tr>\n<tr style=\"height: 92px;\">\n<td style=\"height: 92px; width: 24.3939%;\"><\/td>\n<td style=\"height: 92px; width: 112.404%;\" colspan=\"5\" width=\"451\">Bei einer Absage wird das Meldegeld nicht zur\u00fcck \u00fcberwiesen. Sollten wir von einer h\u00f6heren Stelle kurzfristig aufgefordert werden das Rennen abzusagen, so werden wir hier folge leisten.<\/td>\n<\/tr>\n<tr style=\"height: 26px;\">\n<td style=\"height: 26px; width: 24.3939%;\"><strong>Verkaufsst\u00e4nde<\/strong><\/td>\n<td style=\"height: 26px; width: 112.404%;\" colspan=\"5\">Anmeldung per Mail an<br \/>\n<a href=\"mailto:thomas.belzner@sleddogfriends.de\">thomas.belzner@sleddogfriends.de<\/a><\/td>\n<\/tr>\n<tr style=\"height: 136px;\">\n<td style=\"height: 136px; width: 24.3939%;\"><strong>Haftung<\/strong><\/td>\n<td style=\"height: 136px; width: 112.404%;\" colspan=\"5\" width=\"451\">Der Veranstalter \u00fcbernimmt keinerlei Haftung. Teilnahme erfolgt auf eigenes Risiko. Jeder Musher haftet f\u00fcr die von ihm oder seinen Hunden verursachten Sch\u00e4den selbst. Gespann Haftpflichtversicherungen m\u00fcssen bestehen. Impfausweise mit den vorgeschriebenen Impfungen werden vom Amtstierarzt \u00fcberpr\u00fcft.<\/td>\n<\/tr>\n<tr style=\"height: 26px;\">\n<td style=\"height: 26px; width: 24.3939%;\"><strong>Infos<\/strong><\/td>\n<td style=\"height: 26px; width: 112.404%;\" colspan=\"5\"><a href=\"http:\/\/sleddogfriends.de\/wp\/?page_id=45\">http:\/\/sleddogfriends.de\/wp\/?page_id=45<\/a><\/td>\n<\/tr>\n<tr style=\"height: 26px;\">\n<td style=\"height: 26px; width: 24.3939%;\"><\/td>\n<td style=\"height: 26px; width: 112.404%;\" colspan=\"5\"><a href=\"mailto:info@sleddogfriends.de\">info@sleddogfriends.de<\/a><\/td>\n<\/tr>\n<tr style=\"height: 26px;\">\n<td style=\"height: 26px; width: 24.3939%;\"><\/td>\n<td style=\"height: 26px; width: 112.404%;\" colspan=\"5\"><a href=\"https:\/\/www.facebook.com\/Sled-dog-Friends-Oberndorf-eV-211683082235375\/\">https:\/\/www.facebook.com\/Sled-dog-Friends-Oberndorf-eV<\/a><\/td>\n<\/tr>\n<tr style=\"height: 48px;\">\n<td style=\"height: 48px; width: 24.3939%;\"><strong>Siegerehrung<\/strong><\/td>\n<td style=\"height: 48px; width: 112.404%;\" colspan=\"5\">Kinder: Samstag ab ca. 20:00 Uhr<\/td>\n<\/tr>\n<tr style=\"height: 26px;\">\n<td style=\"height: 26px; width: 24.3939%;\"><\/td>\n<td style=\"height: 26px; width: 112.404%;\" colspan=\"5\">Alle anderen: geplant ca. 1 Stunde nach Rennende<\/td>\n<\/tr>\n<tr style=\"height: 160px;\">\n<td style=\"height: 160px; width: 24.3939%;\"><strong>Sonstiges<\/strong><\/td>\n<td style=\"height: 160px; width: 112.404%;\" colspan=\"5\" width=\"451\">Wenn Sie sich unsicher sind, in welcher Kategorie Sie sich Anmelden sollen, so Kontaktieren Sie uns bitte bevor Sie sich anmelden. Es ist zu erwarten, dass der Amtstierarzt aufschl\u00e4gt, Impfp\u00e4sse sind vorzuhalten. Das betreten des Veranstaltungsgel\u00e4ndes mit <strong>Kranken Hunden ist strengstens verboten<\/strong>.<\/td>\n<\/tr>\n<tr style=\"height: 26px;\">\n<td style=\"height: 26px; width: 24.3939%;\"><strong>Anmeldung<\/strong><\/td>\n<td style=\"height: 26px; width: 112.404%;\" colspan=\"5\">ab 01.08.2025 06:00 Uhr nur \u00fcber das Formular!<\/td>\n<\/tr>\n<tr style=\"height: 26px;\">\n<td style=\"height: 26px; width: 81.9587%;\" colspan=\"5\"><\/td>\n<td style=\"height: 26px; width: 54.8396%;\"><\/td>\n<\/tr>\n<tr style=\"height: 48px;\">\n<td style=\"height: 48px; width: 81.9587%;\" colspan=\"5\">* Anpassung m\u00f6glich<\/td>\n<td style=\"height: 48px; width: 54.8396%;\"><\/td>\n<\/tr>\n<\/tbody>\n<\/table>\n<hr \/>\n","protected":false},"excerpt":{"rendered":"<p>28. Int. Schlittenhundewagenrennen off Snow ______________________________________________________________ Veranstaltungsort Oberndorf, 91608 Geslau, Germany Datum 07. \u2013 09.11.2025 Anreise ab Mittwoch den 05.11.2025 Veranstalter Sled dog Friends Oberndorf e.V. Rennen freies Rennen ohne Verbandszugeh\u00f6rigkeit Rennregeln Gefahren wird nach den \u201ealten\u201c Rennregeln des Schlittenhundesports Rennleiter Thomas Belzner Zeitnahme per Funkuhr Startzeit Samstag 09:00 Uhr; \u2026<\/p>\n<p> <a class=\"continue-reading-link\" href=\"https:\/\/sleddogfriends.de\/wp\/?page_id=33766\">Weiterlesen<i class=\"icon-right-dir\"><\/i><\/a><\/p>\n","protected":false},"author":2,"featured_media":0,"parent":0,"menu_order":0,"comment_status":"closed","ping_status":"closed","template":"","meta":{"spay_email":"","_expiration-date-status":"","_expiration-date":1753105253,"_expiration-date-type":"draft","_expiration-date-categories":[],"_expiration-date-options":[]},"jetpack_sharing_enabled":true,"jetpack_shortlink":"https:\/\/wp.me\/P4hMLm-8MC","_links":{"self":[{"href":"https:\/\/sleddogfriends.de\/wp\/index.php?rest_route=\/wp\/v2\/pages\/33766"}],"collection":[{"href":"https:\/\/sleddogfriends.de\/wp\/index.php?rest_route=\/wp\/v2\/pages"}],"about":[{"href":"https:\/\/sleddogfriends.de\/wp\/index.php?rest_route=\/wp\/v2\/types\/page"}],"author":[{"embeddable":true,"href":"https:\/\/sleddogfriends.de\/wp\/index.php?rest_route=\/wp\/v2\/users\/2"}],"replies":[{"embeddable":true,"href":"https:\/\/sleddogfriends.de\/wp\/index.php?rest_route=%2Fwp%2Fv2%2Fcomments&post=33766"}],"version-history":[{"count":76,"href":"https:\/\/sleddogfriends.de\/wp\/index.php?rest_route=\/wp\/v2\/pages\/33766\/revisions"}],"predecessor-version":[{"id":35883,"href":"https:\/\/sleddogfriends.de\/wp\/index.php?rest_route=\/wp\/v2\/pages\/33766\/revisions\/35883"}],"wp:attachment":[{"href":"https:\/\/sleddogfriends.de\/wp\/index.php?rest_route=%2Fwp%2Fv2%2Fmedia&parent=33766"}],"curies":[{"name":"wp","href":"https:\/\/api.w.org\/{rel}","templated":true}]}}