{"id":14,"date":"2014-01-25T16:40:06","date_gmt":"2014-01-25T15:40:06","guid":{"rendered":"http:\/\/sleddogfriends.de\/wp\/?page_id=14"},"modified":"2014-09-05T23:37:32","modified_gmt":"2014-09-05T21:37:32","slug":"verein","status":"publish","type":"page","link":"https:\/\/sleddogfriends.de\/wp\/?page_id=14","title":{"rendered":"Verein"},"content":{"rendered":"<p style=\"text-align: center;\">Geschichte des Vereins<\/p>\n<div style=\"text-align: center;\">Die Schlittenhundewagenrennen finden schon seit 1995 in Oberndorf statt. Die ersten drei Rennen waren unter fremder Leitung. Da aber Elmar Bamberger mit der Dorfgemeinschaft diese Rennen bereits massgeblich organisierte, wurde beschlossen, einen eigenen Verein zu gr\u00fcnden.1999 hat Elmar Bamberger die Dorfgemeinschaft zu einem Informationsabend eingeladen, da Oberndorf von einem Schlittenhundewagenrennen keinerlei Hintergrundwissen hatte. Hr. Bamberger brachte sein auf vielen Rennen erworbenes Wissen ein und erkl\u00e4rte, was man alles zur Organisation des Rennen ben\u00f6tigt.<br \/>\nDazu z\u00e4hlt vor allem: Die Strecken (Frankenh\u00f6he), der Platz f\u00fcr die Musher mit ihren Hunden (stake-<wbr \/>out-<wbr \/>Platz), der Rennverlauf mit den speziellen Kategorien und Startabl\u00e4ufen. Nach diesem Abend wurde dann am 06.02.1999 der Verein Sled dog Friends Oberndorf e.V. als gemeinn\u00fctziger Verein gegr\u00fcndet und seitdem Jahr f\u00fcr Jahr aufgebaut. So wurden schon das Vereinsheim, der Kinderspielplatz und weitere Aktivit\u00e4ten<br \/>\ndurch den Verein gesponsert. Die Vorstandschaft wurde schon zum dritten Mal best\u00e4tigt, was eine gute Vereinsf\u00fchrung und gro\u00dfes Vertrauen der Vereinsmitglieder widerspiegelt. Die Mitgliederzahl im Jahre 2007 betr\u00e4gt 84. Den Vorstand hat Elmar Bamberger, Oberndorf, Friseurmeister inne. Beim Rennen sind ca. 60 Personen t\u00e4tig. Allein zur Bewirtung werden im Zelt ca. 20 Personen ben\u00f6tigt. Die Altersstruktur des Vereins geht von 15 bis 82. Fast ganz Oberndorf ist Mitglied.Diese Rennen sind ein enormer Gewinn f\u00fcr die Region. Mittlerweile ist es zu einem der gr\u00f6\u00dften und \u00e4ltesten Rennen Deutschland`s geworden. Die Beliebtheit des Rennens in Oberndorf zeigt auch, die gro\u00dfe Anzahl der Musher, die von Anfang an hier schon gefahren sind und dieses durch Mundpropaganda auch weit \u00fcber die Grenzen bekannt machten. Dem hohen Imformationsgrad wurde durch die Internetpr\u00e4senz mit weiteren interessanten Informationen und Bildern Rechnung getragen.<\/p>\n<p>Die ersten Rennen wurden von ca. 30 Mushern mit ca. 200 Hunden bestritten. Dies steigerte sich j\u00e4hrlich bis zum H\u00f6chststand von 120 Mushern mit ca. 1000 Hunden im Jahr 2002. Im Jahr 2007 lagen wir bei ca. 80-<wbr \/>90 Mushern mit ca. 600 Hunden. In ganz Deutschland betreiben diesen Sport ca. 2.500 aktive Musher. Viele von ihnen fahren haupts\u00e4chlich Schnee-<wbr \/> und Distanzrennen, da die Wagenrennen in Deutschland immer<br \/>\nweniger werden. Diese dienen nur zur Vorbereitung und zum Ermitteln des Trainingsstandes. Haupts\u00e4chlich finden diese Rennen ab Herbst in h\u00f6heren Regionen statt (Schwarzwald, Sauerland, etc.), da die maximale Temperatur 15\u00b0 Celsius nicht \u00fcbersteigen darf. Diese Herbstrennen finden mit speziellen Trainingswagen statt.<br \/>\nAusserdem sind noch Mountainbikes und L\u00e4ufer auf dem Trail (Strecke). Die Distanzen bei diesen Sprintrennen sind relativ kurz mit 7,8 Km und 4,1 Km f\u00fcr L\u00e4ufer.<\/p>\n<p>Nat\u00fcrlich k\u00f6nnen solche Grossveranstaltungen nur mit entsprechender Unterst\u00fctzung durchgef\u00fchrt werden. Besonderen Dank gilt dem Landrat Herrn R. Schwemmbauer, der uns von Anfang unterst\u00fctzte. Ferner die Firma bosch Tiernahrung Wiesenbach. F\u00fcr die freundliche Bearbeitung unserer Antr\u00e4ge und zur Genehmigung danken wir dem Forstamt Rothenburg, dem Landratsamt Ansbach und der Verwaltungsgemeinschaft Rothenburg ob der Tauber.<\/p>\n<\/div>\n<div style=\"text-align: center;\">Die Obernd\u00f6rfer w\u00fcnschen den Besuchern ein paar unvergessliche Stunden bei dem<br \/>\nSchlittenhundewagenrennen!<\/div>\n","protected":false},"excerpt":{"rendered":"<p>Geschichte des Vereins Die Schlittenhundewagenrennen finden schon seit 1995 in Oberndorf statt. Die ersten drei Rennen waren unter fremder Leitung. Da aber Elmar Bamberger mit der Dorfgemeinschaft diese Rennen bereits massgeblich organisierte, wurde beschlossen, einen eigenen Verein zu gr\u00fcnden.1999 hat Elmar Bamberger die Dorfgemeinschaft zu einem Informationsabend eingeladen, da Oberndorf \u2026<\/p>\n<p> <a class=\"continue-reading-link\" href=\"https:\/\/sleddogfriends.de\/wp\/?page_id=14\">Weiterlesen<i class=\"icon-right-dir\"><\/i><\/a><\/p>\n","protected":false},"author":1,"featured_media":0,"parent":0,"menu_order":0,"comment_status":"closed","ping_status":"closed","template":"sidebar-page.php","meta":{"spay_email":"","_expiration-date-status":"","_expiration-date":0,"_expiration-date-type":"","_expiration-date-categories":[],"_expiration-date-options":[]},"jetpack_sharing_enabled":true,"jetpack_shortlink":"https:\/\/wp.me\/P4hMLm-e","_links":{"self":[{"href":"https:\/\/sleddogfriends.de\/wp\/index.php?rest_route=\/wp\/v2\/pages\/14"}],"collection":[{"href":"https:\/\/sleddogfriends.de\/wp\/index.php?rest_route=\/wp\/v2\/pages"}],"about":[{"href":"https:\/\/sleddogfriends.de\/wp\/index.php?rest_route=\/wp\/v2\/types\/page"}],"author":[{"embeddable":true,"href":"https:\/\/sleddogfriends.de\/wp\/index.php?rest_route=\/wp\/v2\/users\/1"}],"replies":[{"embeddable":true,"href":"https:\/\/sleddogfriends.de\/wp\/index.php?rest_route=%2Fwp%2Fv2%2Fcomments&post=14"}],"version-history":[{"count":4,"href":"https:\/\/sleddogfriends.de\/wp\/index.php?rest_route=\/wp\/v2\/pages\/14\/revisions"}],"predecessor-version":[{"id":379,"href":"https:\/\/sleddogfriends.de\/wp\/index.php?rest_route=\/wp\/v2\/pages\/14\/revisions\/379"}],"wp:attachment":[{"href":"https:\/\/sleddogfriends.de\/wp\/index.php?rest_route=%2Fwp%2Fv2%2Fmedia&parent=14"}],"curies":[{"name":"wp","href":"https:\/\/api.w.org\/{rel}","templated":true}]}}